{"id":84,"date":"2019-09-25T15:59:26","date_gmt":"2019-09-25T08:59:26","guid":{"rendered":"http:\/\/pktanquy.benhvienhuyencuchi.com\/?page_id=84"},"modified":"2025-12-11T14:36:24","modified_gmt":"2025-12-11T07:36:24","slug":"lien-he","status":"publish","type":"page","link":"https:\/\/pktanquy.benhvienhuyencuchi.com\/?page_id=84","title":{"rendered":"Li\u00ean h\u1ec7"},"content":{"rendered":"\r\n<p>B\u1ec7nh vi\u1ec7n \u0110a khoa C\u1ee7 Chi C\u01a1 s\u1edf 2 tr\u1ef1c thu\u1ed9c B\u1ec7nh vi\u1ec7n \u0110a khoa C\u1ee7 Chi<br \/>&#8211; S\u1ed1 \u0111i\u1ec7n tho\u1ea1i: 0869067279<br \/>&#8211; T\u1ec9nh l\u1ed9 8, X\u00e3 Ph\u00fa Ho\u00e0 \u0110\u00f4ng, TP. H\u1ed3 Ch\u00ed Minh<br \/>&#8211; Email: pktq.bvcc@gmail.com<\/p>\r\n\r\n<p>&nbsp;<\/p>","protected":false},"excerpt":{"rendered":"<p>B\u1ec7nh vi\u1ec7n \u0110a khoa C\u1ee7 Chi C\u01a1 s\u1edf 2 tr\u1ef1c thu\u1ed9c B\u1ec7nh vi\u1ec7n \u0110a khoa C\u1ee7 Chi&#8211; S\u1ed1 \u0111i\u1ec7n tho\u1ea1i: 0869067279&#8211; T\u1ec9nh l\u1ed9 8, X\u00e3 Ph\u00fa Ho\u00e0 \u0110\u00f4ng, TP. H\u1ed3 Ch\u00ed Minh&#8211; Email: pktq.bvcc@gmail.com &nbsp;<\/p>\n","protected":false},"author":1,"featured_media":0,"parent":0,"menu_order":0,"comment_status":"closed","ping_status":"closed","template":"","meta":[],"_links":{"self":[{"href":"https:\/\/pktanquy.benhvienhuyencuchi.com\/index.php?rest_route=\/wp\/v2\/pages\/84"}],"collection":[{"href":"https:\/\/pktanquy.benhvienhuyencuchi.com\/index.php?rest_route=\/wp\/v2\/pages"}],"about":[{"href":"https:\/\/pktanquy.benhvienhuyencuchi.com\/index.php?rest_route=\/wp\/v2\/types\/page"}],"author":[{"embeddable":true,"href":"https:\/\/pktanquy.benhvienhuyencuchi.com\/index.php?rest_route=\/wp\/v2\/users\/1"}],"replies":[{"embeddable":true,"href":"https:\/\/pktanquy.benhvienhuyencuchi.com\/index.php?rest_route=%2Fwp%2Fv2%2Fcomments&post=84"}],"version-history":[{"count":6,"href":"https:\/\/pktanquy.benhvienhuyencuchi.com\/index.php?rest_route=\/wp\/v2\/pages\/84\/revisions"}],"predecessor-version":[{"id":13224,"href":"https:\/\/pktanquy.benhvienhuyencuchi.com\/index.php?rest_route=\/wp\/v2\/pages\/84\/revisions\/13224"}],"wp:attachment":[{"href":"https:\/\/pktanquy.benhvienhuyencuchi.com\/index.php?rest_route=%2Fwp%2Fv2%2Fmedia&parent=84"}],"curies":[{"name":"wp","href":"https:\/\/api.w.org\/{rel}","templated":true}]}}